{"id":5281,"date":"2023-01-03T12:23:31","date_gmt":"2023-01-03T12:23:31","guid":{"rendered":"https:\/\/vnited.co\/?page_id=5281"},"modified":"2023-01-03T12:31:28","modified_gmt":"2023-01-03T12:31:28","slug":"thank-you-contact","status":"publish","type":"page","link":"https:\/\/afocus.dev\/fr\/thank-you-contact\/","title":{"rendered":"Merci \u2013 Contacter"},"content":{"rendered":"<p>[et_pb_section fb_built=&#8221;1&#8243; _builder_version=&#8221;4.9.2&#8243; _module_preset=&#8221;default&#8221; background_color=&#8221;#225A6F&#8221; custom_padding=&#8221;40px||40px||false|false&#8221; box_shadow_style=&#8221;preset7&#8243; box_shadow_horizontal=&#8221;0px&#8221; box_shadow_vertical=&#8221;90px&#8221; box_shadow_color=&#8221;#FFFFFF&#8221; saved_tabs=&#8221;all&#8221;][et_pb_row column_structure=&#8221;3_5,2_5&#8243; make_equal=&#8221;on&#8221; custom_padding_last_edited=&#8221;on|phone&#8221; module_id=&#8221;getquote&#8221; _builder_version=&#8221;4.9.2&#8243; _module_preset=&#8221;default&#8221; background_color=&#8221;#f5f6f9&#8243; width_tablet=&#8221;&#8221; width_phone=&#8221;&#8221; width_last_edited=&#8221;on|phone&#8221; max_width=&#8221;80%&#8221; custom_margin=&#8221;||||false|false&#8221; custom_padding=&#8221;50px|40px|50px|40px|true|true&#8221; custom_padding_tablet=&#8221;&#8221; custom_padding_phone=&#8221;50px|10px|50px|10px|true|true&#8221; custom_css_main_element=&#8221;align-items:center;||text-align:center;&#8221; box_shadow_style=&#8221;preset3&#8243; global_module=&#8221;5284&#8243; background__hover_enabled=&#8221;on|hover&#8221;][et_pb_column type=&#8221;3_5&#8243; _builder_version=&#8221;4.9.2&#8243; _module_preset=&#8221;default&#8221; pac_dcm_carousel_specific_module_num=&#8221;0&#8243;][et_pb_blurb use_icon=&#8221;on&#8221; font_icon=&#8221;%%45%%&#8221; icon_color=&#8221;#225A6F&#8221; _builder_version=&#8221;4.9.2&#8243; _module_preset=&#8221;default&#8221; hover_enabled=&#8221;0&#8243; animation=&#8221;off&#8221; sticky_enabled=&#8221;0&#8243;][\/et_pb_blurb][et_pb_text _builder_version=&#8221;4.9.2&#8243; _module_preset=&#8221;default&#8221; header_font=&#8221;Lato|600|||||||&#8221; header_2_font=&#8221;Lato|900|||||||&#8221; header_2_text_align=&#8221;left&#8221; header_2_text_color=&#8221;#333333&#8243; header_2_font_size=&#8221;35px&#8221; header_2_line_height=&#8221;1.5em&#8221; max_width=&#8221;100%&#8221; custom_margin=&#8221;0px||||false|false&#8221; custom_padding=&#8221;0px||||false|false&#8221; global_colors_info=&#8221;{}&#8221;]<\/p>\n<h2 style=\"text-align: center;\">Merci d&#039;avoir rempli le formulaire ! <br \/>Nous vous contacterons sous peu.<\/h2>\n<p>[\/et_pb_text][et_pb_text _builder_version=\u201d4.9.2\u2033 _module_preset=\u201ddefault\u201d text_text_color=\u201d#666666\u2033 background_layout=\u201ddark\u201d max_width=\u201d100%\u201d]<\/p>\n<p style=\"text-align: center;\">Pour toute demande compl\u00e9mentaire, veuillez contacter <a href=\"mailto:info@vnited.co\"><strong>info@vnited.co<\/strong><\/a><br \/>Vous pouvez aussi <a href=\"https:\/\/calendly.com\/vincent-aio\/1hour\" target=\"_blank\" rel=\"noopener noreferrer\"><strong>prenez rendez-vous<\/strong><\/a> directement.<\/p>\n<p>[\/et_pb_text][et_pb_code _builder_version=\u201d4.9.2\u2033 _module_preset=\u201ddefault\u201d]<\/p>\n<style><!-- [et_pb_line_break_holder] -->  .et_contact_bottom_container {<!-- [et_pb_line_break_holder] -->    float:left !important;<!-- [et_pb_line_break_holder] -->  }<!-- [et_pb_line_break_holder] --><\/style>\n<p>[\/et_pb_code][\/et_pb_column][et_pb_column type=\u201d2_5\u2033 _builder_version=\u201d4.9.2\u2033 _module_preset=\u201ddefault\u201d background_color=\u201d#FFFFFF\u201d custom_padding=\u201d40px|40px|40px|40px|true|true\u201d custom_padding_tablet=\u201d\u201d custom_padding_phone=\u201d|20px||20px|true|true\u201d custom_padding_last_edited=\u201don|phone\u201d animation_style=\u201dfade\u201d custom_css_main_element=\u201dmargin:auto;\u201d pac_dcm_carousel_specific_module_num=\u201d0\u2033 box_shadow_style=\u201dpreset3\u2033 background__hover_enabled=\u201don|desktop\u201d transform_styles__hover_enabled=\u201don|desktop\u201d transform_scale__hover=\u201d102%|102%\u201d transform_scale__hover_enabled=\u201don|desktop\u201d transform_translate__hover_enabled=\u201don|hover\u201d transform_rotate__hover_enabled=\u201don|hover\u201d transform_skew__hover_enabled=\u201don|hover\u201d transform_origin__hover_enabled=\u201don|hover\u201d][et_pb_blurb title=\u201dEt ensuite ?\u201d image=\u201dhttps:\/\/afocus.dev\/wp-content\/uploads\/2022\/10\/Me_250.jpg\u201d image_max_width=\u201d55%\u201d _builder_version=\u201d4.9.2\u2033 _module_preset=\u201ddefault\u201d header_font=\u201dLato|700|||||||\u201d header_text_align=\u201dcenter\u201d header_text_color=\u201d#225a6f\u201d header_font_size=\u201d22px\u201d header_line_height=\u201d2.5em\u201d body_font=\u201dOpen Sans||||||||\u201d body_text_color=\u201d#666666\u2033 body_font_size=\u201d16px\u201d body_link_font=\u201d|600||on||||#225A6F|\u201d body_link_text_color=\u201d#225A6F\u201d body_link_font_size=\u201d16px\u201d custom_margin=\u201d0px||0px||false|false\u201d custom_padding=\u201d0px||0px||false|false\u201d border_color_all_image=\u201d#FFFFFF\u201d global_colors_info=\u201d{}\u201d body_link_text_color__hover_enabled=\u201don|desktop\u201d body_link_text_color__hover=\u201d#E41120\u2033 background_layout__hover_enabled=\u201doff|desktop\u201d body_text_color__hover_enabled=\u201don|hover\u201d body_text_color__hover=\u201d#000000\u2033 circle_color__hover_enabled=\u201don|hover\u201d circle_color__hover=\u201d#225A6F\u201d icon_color__hover_enabled=\u201don|hover\u201d icon_color__hover=\u201d#FFFFFF\u201d][\/et_pb_blurb][et_pb_blurb image=\u201dhttps:\/\/afocus.dev\/wp-content\/uploads\/2022\/10\/1.png\u201d icon_placement=\u201dleft\u201d image_max_width_tablet=\u201d\u201d image_max_width_phone=\u201d20px\u201d image_max_width_last_edited=\u201don|phone\u201d _builder_version=\u201d4.9.2\u2033 _module_preset=\u201ddefault\u201d header_text_color=\u201d#FFFFFF\u201d]<\/p>\n<p>Notre Sales Manager Vincent vous contactera dans un d\u00e9lai d'un jour ouvrable. <span>\ud83c\uddeb\ud83c\uddf7 \ud83c\uddec\ud83c\udde7 \ud83c\uddea\ud83c\uddf8 <\/span><\/p>\n<p>[\/et_pb_blurb][et_pb_blurb image=\u201dhttps:\/\/afocus.dev\/wp-content\/uploads\/2022\/10\/2.png\u201d icon_placement=\u201dleft\u201d image_max_width_tablet=\u201d\u201d image_max_width_phone=\u201d20px\u201d image_max_width_last_edited=\u201don|phone\u201d _builder_version=\u201d4.9.2\u2033 _module_preset=\u201ddefault\u201d header_text_color=\u201d#FFFFFF\u201d]<\/p>\n<p>Nous signerons un NDA si n\u00e9cessaire et commencerons la discussion sur le projet.<\/p>\n<p>[\/et_pb_blurb][et_pb_blurb image=\u201dhttps:\/\/afocus.dev\/wp-content\/uploads\/2022\/10\/3.png\u201d icon_placement=\u201dleft\u201d image_max_width_tablet=\u201d\u201d image_max_width_phone=\u201d20px\u201d image_max_width_last_edited=\u201don|phone\u201d _builder_version=\u201d4.9.2\u2033 _module_preset=\u201ddefault\u201d header_text_color=\u201d#FFFFFF\u201d]<\/p>\n<p>Notre \u00e9quipe analysera vos besoins et vous proposera la meilleure solution pour vos besoins.<\/p>\n<p>[\/et_pb_blurb][et_pb_blurb image=\u201dhttps:\/\/afocus.dev\/wp-content\/uploads\/2022\/10\/4.png\u201d icon_placement=\u201dleft\u201d image_max_width_tablet=\u201d\u201d image_max_width_phone=\u201d20px\u201d image_max_width_last_edited=\u201don|phone\u201d _builder_version=\u201d4.9.2\u2033 _module_preset=\u201ddefault\u201d header_text_color=\u201d#FFFFFF\u201d]<\/p>\n<p>Nous vous enverrons alors un devis ainsi qu'une timeline pr\u00e9liminaire.<\/p>\n<p>[\/et_pb_blurb][\/et_pb_column][\/et_pb_row][\/et_pb_section]<\/p>","protected":false},"excerpt":{"rendered":"<p>Merci d&#039;avoir rempli le formulaire\u00a0! Nous vous contacterons prochainement. Pour toute demande compl\u00e9mentaire, veuillez contacter info@vnited.co. Vous pouvez \u00e9galement prendre rendez-vous directement. Notre responsable commercial, Vincent, vous contactera sous 1 jour ouvr\u00e9. \ud83c\uddeb\ud83c\uddf7 \ud83c\uddec\ud83c\udde7 \ud83c\uddea\ud83c\uddf8 Nous signerons un accord de confidentialit\u00e9 si n\u00e9cessaire et lancerons les discussions sur le projet. Notre \u00e9quipe analysera votre [\u2026]<\/p>","protected":false},"author":1,"featured_media":0,"parent":0,"menu_order":0,"comment_status":"closed","ping_status":"closed","template":"","meta":{"_et_pb_use_builder":"on","_et_pb_old_content":"","_et_gb_content_width":""},"yoast_head":"<!-- This site is optimized with the Yoast SEO plugin v19.13 - https:\/\/yoast.com\/wordpress\/plugins\/seo\/ -->\n<title>Thank you - Contact - Afocus<\/title>\n<meta name=\"robots\" content=\"index, follow, max-snippet:-1, max-image-preview:large, max-video-preview:-1\" \/>\n<link rel=\"canonical\" href=\"https:\/\/afocus.dev\/fr\/thank-you-contact\/\" \/>\n<meta property=\"og:locale\" content=\"fr_FR\" \/>\n<meta property=\"og:type\" content=\"article\" \/>\n<meta property=\"og:title\" content=\"Thank you - Contact - Afocus\" \/>\n<meta property=\"og:description\" content=\"Thank you for filling the form! We will contact you shortly.For any further inquiries, please contact info@vnited.coYou can also book a meeting directly.Our Sales Manager Vincent will be in touch with you within 1 business day. \ud83c\uddeb\ud83c\uddf7 \ud83c\uddec\ud83c\udde7 \ud83c\uddea\ud83c\uddf8 We will sign an NDA if needed, and start the project discussion.Our team will analyze your [&hellip;]\" \/>\n<meta property=\"og:url\" content=\"https:\/\/afocus.dev\/fr\/thank-you-contact\/\" \/>\n<meta property=\"og:site_name\" content=\"Afocus\" \/>\n<meta property=\"article:modified_time\" content=\"2023-01-03T12:31:28+00:00\" \/>\n<meta name=\"twitter:card\" content=\"summary_large_image\" \/>\n<meta name=\"twitter:label1\" content=\"Dur\u00e9e de lecture estim\u00e9e\" \/>\n\t<meta name=\"twitter:data1\" content=\"4 minutes\" \/>\n<script type=\"application\/ld+json\" class=\"yoast-schema-graph\">{\"@context\":\"https:\/\/schema.org\",\"@graph\":[{\"@type\":\"WebPage\",\"@id\":\"https:\/\/afocus.dev\/thank-you-contact\/\",\"url\":\"https:\/\/afocus.dev\/thank-you-contact\/\",\"name\":\"Thank you - Contact - Afocus\",\"isPartOf\":{\"@id\":\"https:\/\/afocus.dev\/#website\"},\"datePublished\":\"2023-01-03T12:23:31+00:00\",\"dateModified\":\"2023-01-03T12:31:28+00:00\",\"breadcrumb\":{\"@id\":\"https:\/\/afocus.dev\/thank-you-contact\/#breadcrumb\"},\"inLanguage\":\"fr-FR\",\"potentialAction\":[{\"@type\":\"ReadAction\",\"target\":[\"https:\/\/afocus.dev\/thank-you-contact\/\"]}]},{\"@type\":\"BreadcrumbList\",\"@id\":\"https:\/\/afocus.dev\/thank-you-contact\/#breadcrumb\",\"itemListElement\":[{\"@type\":\"ListItem\",\"position\":1,\"name\":\"Home\",\"item\":\"https:\/\/afocus.dev\/\"},{\"@type\":\"ListItem\",\"position\":2,\"name\":\"Thank you &#8211; Contact\"}]},{\"@type\":\"WebSite\",\"@id\":\"https:\/\/afocus.dev\/#website\",\"url\":\"https:\/\/afocus.dev\/\",\"name\":\"Afocus\",\"description\":\"Websites, Apps, Software - Vietnam Outsourcing &amp; Offshore Development\",\"potentialAction\":[{\"@type\":\"SearchAction\",\"target\":{\"@type\":\"EntryPoint\",\"urlTemplate\":\"https:\/\/afocus.dev\/?s={search_term_string}\"},\"query-input\":\"required name=search_term_string\"}],\"inLanguage\":\"fr-FR\"}]}<\/script>\n<!-- \/ Yoast SEO plugin. -->","yoast_head_json":{"title":"Thank you - Contact - Afocus","robots":{"index":"index","follow":"follow","max-snippet":"max-snippet:-1","max-image-preview":"max-image-preview:large","max-video-preview":"max-video-preview:-1"},"canonical":"https:\/\/afocus.dev\/fr\/thank-you-contact\/","og_locale":"fr_FR","og_type":"article","og_title":"Thank you - Contact - Afocus","og_description":"Thank you for filling the form! We will contact you shortly.For any further inquiries, please contact info@vnited.coYou can also book a meeting directly.Our Sales Manager Vincent will be in touch with you within 1 business day. \ud83c\uddeb\ud83c\uddf7 \ud83c\uddec\ud83c\udde7 \ud83c\uddea\ud83c\uddf8 We will sign an NDA if needed, and start the project discussion.Our team will analyze your [&hellip;]","og_url":"https:\/\/afocus.dev\/fr\/thank-you-contact\/","og_site_name":"Afocus","article_modified_time":"2023-01-03T12:31:28+00:00","twitter_card":"summary_large_image","twitter_misc":{"Dur\u00e9e de lecture estim\u00e9e":"4 minutes"},"schema":{"@context":"https:\/\/schema.org","@graph":[{"@type":"WebPage","@id":"https:\/\/afocus.dev\/thank-you-contact\/","url":"https:\/\/afocus.dev\/thank-you-contact\/","name":"Thank you - Contact - Afocus","isPartOf":{"@id":"https:\/\/afocus.dev\/#website"},"datePublished":"2023-01-03T12:23:31+00:00","dateModified":"2023-01-03T12:31:28+00:00","breadcrumb":{"@id":"https:\/\/afocus.dev\/thank-you-contact\/#breadcrumb"},"inLanguage":"fr-FR","potentialAction":[{"@type":"ReadAction","target":["https:\/\/afocus.dev\/thank-you-contact\/"]}]},{"@type":"BreadcrumbList","@id":"https:\/\/afocus.dev\/thank-you-contact\/#breadcrumb","itemListElement":[{"@type":"ListItem","position":1,"name":"Home","item":"https:\/\/afocus.dev\/"},{"@type":"ListItem","position":2,"name":"Thank you &#8211; Contact"}]},{"@type":"WebSite","@id":"https:\/\/afocus.dev\/#website","url":"https:\/\/afocus.dev\/","name":"Afocus","description":"Websites, Apps, Software - Vietnam Outsourcing &amp; Offshore Development","potentialAction":[{"@type":"SearchAction","target":{"@type":"EntryPoint","urlTemplate":"https:\/\/afocus.dev\/?s={search_term_string}"},"query-input":"required name=search_term_string"}],"inLanguage":"fr-FR"}]}},"_links":{"self":[{"href":"https:\/\/afocus.dev\/fr\/wp-json\/wp\/v2\/pages\/5281"}],"collection":[{"href":"https:\/\/afocus.dev\/fr\/wp-json\/wp\/v2\/pages"}],"about":[{"href":"https:\/\/afocus.dev\/fr\/wp-json\/wp\/v2\/types\/page"}],"author":[{"embeddable":true,"href":"https:\/\/afocus.dev\/fr\/wp-json\/wp\/v2\/users\/1"}],"replies":[{"embeddable":true,"href":"https:\/\/afocus.dev\/fr\/wp-json\/wp\/v2\/comments?post=5281"}],"version-history":[{"count":5,"href":"https:\/\/afocus.dev\/fr\/wp-json\/wp\/v2\/pages\/5281\/revisions"}],"predecessor-version":[{"id":5293,"href":"https:\/\/afocus.dev\/fr\/wp-json\/wp\/v2\/pages\/5281\/revisions\/5293"}],"wp:attachment":[{"href":"https:\/\/afocus.dev\/fr\/wp-json\/wp\/v2\/media?parent=5281"}],"curies":[{"name":"wp","href":"https:\/\/api.w.org\/{rel}","templated":true}]}}